{"id":10,"date":"2022-09-01T15:51:14","date_gmt":"2022-09-01T13:51:14","guid":{"rendered":"http:\/\/galerrv.cluster030.hosting.ovh.net\/?page_id=10"},"modified":"2025-09-05T15:08:06","modified_gmt":"2025-09-05T13:08:06","slug":"photographie-dart-remboursements_retours","status":"publish","type":"page","link":"https:\/\/galerie-argentique.com\/index.php\/photographie-dart-remboursements_retours\/","title":{"rendered":"Conditions g\u00e9n\u00e9rales de vente"},"content":{"rendered":"\n<p class=\"has-text-align-center has-huge-font-size\">Conditions g\u00e9n\u00e9rales de vente<\/p>\n\n\n\n<p><\/p>\n\n\n\n<h6 class=\"wp-block-heading has-normal-font-size\"><\/h6>\n\n\n\n<p>Etablies entre le photographe \u00ab&nbsp;Christian Capron Photographie&nbsp;\u00bb nomm\u00e9 le vendeur, et \u00ab&nbsp;l\u2019acheteur&nbsp;\u00bb nomm\u00e9 le client.<\/p>\n\n\n\n<p><strong><u>Conditions d\u2019achat<\/u><\/strong><\/p>\n\n\n\n<p class=\"has-normal-font-size\">Les prix sont indiqu\u00e9s en euros toutes taxes comprises.<br>Les commandes sont payables uniquement en euros.&nbsp;<br>Les prix peuvent changer \u00e0 tout moment en fonction de la cote de certaines photos, le prix est celui indiqu\u00e9 lors de l\u2019achat et de la validation du paiement.<\/p>\n\n\n\n<p>Les photographies propos\u00e9es \u00e0 la vente sont des <strong>\u0153uvres originales<\/strong>, r\u00e9alis\u00e9es en <strong>tirage argentique noir et blanc<\/strong>, en <strong>\u00e9dition limit\u00e9e<\/strong>, <strong>num\u00e9rot\u00e9es et sign\u00e9es<\/strong> par l\u2019auteur.<\/p>\n\n\n\n<p>Les photos mises en ligne sur la galerie sont des originaux num\u00e9ris\u00e9es. En fonction des \u00e9crans, la densit\u00e9 et les contrastes peuvent varier par rapport \u00e0 l&rsquo;original.<\/p>\n\n\n\n<p>Toutes les photographies argentiques en vente sur le site \u00ab\u00a0Galerie-argentique.com\u00a0\u00bb r\u00e9pondent aux crit\u00e8res de Photographie d&rsquo;Art . Ces conditions ont \u00e9t\u00e9 d\u00e9finies dans le Code G\u00e9n\u00e9ral des Imp\u00f4ts.&nbsp;<a href=\"https:\/\/www.legifrance.gouv.fr\/affichCodeArticle.do?idArticle=LEGIARTI000006298775&amp;cidTexte=LEGITEXT000006069574&amp;dateTexte=20091015&amp;oldAction=rechCodeArticle\" target=\"_blank\" rel=\"noreferrer noopener\">L\u2019article 98 A (annexe III) du CGI<\/a>&nbsp; il indique bien que sont consid\u00e9r\u00e9es comme \u0153uvres d\u2019art&nbsp;\u00ab&nbsp;Photographies prises par l\u2019artiste, tir\u00e9es par lui ou sous son contr\u00f4le, sign\u00e9es et num\u00e9rot\u00e9es dans la limite de trente exemplaires, tous formats et supports confondus&nbsp;\u00bb.<\/p>\n\n\n\n<p><\/p>\n\n\n\n<p><strong>Reproduction<\/strong><\/p>\n\n\n\n<p>Les photographies ne sont pas libres de droit, toute reproduction, quelqu&rsquo;en soit l&rsquo;usage est strictement interdit sans l&rsquo;autorisation de son auteur. Tout acte de reproduction, comme la num\u00e9risation, n\u00e9cessite l\u2019accord de l\u2019auteur conform\u00e9ment \u00e0 la d\u00e9finition de l\u2019article L.122-3 du Code de Propri\u00e9t\u00e9 intellectuelle.<\/p>\n\n\n\n<p><strong>R\u00e8glement<\/strong><\/p>\n\n\n\n<p>Le r\u00e8glement des commandes s\u2019effectue en ligne via les moyens de paiement suivants :  <strong>Carte bancaire<\/strong> (Visa, Mastercard, etc.) via une plateforme s\u00e9curis\u00e9e  <strong>PayPal<\/strong> .Toutes les transactions sont s\u00e9curis\u00e9es et trait\u00e9es par des prestataires certifi\u00e9s. Aucune donn\u00e9e bancaire n\u2019est conserv\u00e9e sur le site. Le paiement est exigible \u00e0 la commande. La validation du r\u00e8glement d\u00e9clenche la pr\u00e9paration et l\u2019exp\u00e9dition des tirages.<\/p>\n\n\n\n<p><strong><u>Frais de livraison<\/u><\/strong><strong><u><\/u><\/strong><\/p>\n\n\n\n<p>Les frais de livraison comprennent les frais d&rsquo;envoi postaux et&nbsp;les frais d&#8217;emballage. Ils vous seront indiqu\u00e9s lors de la votre commande sur le site www.galerie-argentique.com Envoi toutes destinations possible, un devis sera \u00e9tabli avant commande sur votre demande. Nous nous r\u00e9servons le droit de ne pas exp\u00e9dier dans certains pays.<\/p>\n\n\n\n<p><strong><strong><u>Livraison<\/u><\/strong><\/strong><br>L\u2019exp\u00e9dition sera effectu\u00e9e \u00e0 l&rsquo;adresse de livraison indiqu\u00e9e lors de la commande dans un d\u00e9lai de 15 jours ouvrables. Nous ne pouvons \u00eatre tenu pour responsable des mouvements de gr\u00e8ves, intemp\u00e9ries, retards de livraisons d\u00fbs \u00e0 notre prestataire. Les envois sont faits par La Poste, en lettre recommand\u00e9e pour les photos et en lettre suivie pour les autres articles.<\/p>\n\n\n\n<p>Il vous appartient de v\u00e9rifier \u00e0 r\u00e9ception l&rsquo;\u00e9tat du colis (ou lettre). Si celui ci est endommag\u00e9 il est imp\u00e9ratif de demander au facteur d&rsquo;\u00e9tablir <strong>un constat de d\u00e9t\u00e9rioration <\/strong> pour b\u00e9n\u00e9ficier des garanties contract\u00e9es. Sans ce constat il n&rsquo;y aura pas de recours possible.<\/p>\n\n\n\n<p><\/p>\n\n\n\n<p><strong><u>Frais et taxes<\/u><\/strong><br>Pour une livraison hors du d\u00e9partement de LA REUNION, vous devrez vous acquitter de toutes type de taxes susceptibles d&rsquo;\u00eatre exig\u00e9es. Vous devez vous renseigner aupr\u00e8s des autorit\u00e9s de votre pays.<\/p>\n\n\n\n<p><\/p>\n\n\n\n<p><strong>R\u00e8gles de confidentialit\u00e9<\/strong><br>Pour effectuer une commande vous serez amen\u00e9s \u00e0 nous communiquer certaines informations sur votre personne. Ces informations feront l&rsquo;objet de traitements informatiques, par nos soins et nos prestataires de services afin d&rsquo;honorer convenablement votre commande. En confirmant votre commande vous nous autorisez \u00e0 communiquer ces informations dans l&rsquo;unique but de traiter vos commandes.<br>Conform\u00e9ment \u00e0 la loi informatique et libert\u00e9 du 6 janvier 1978, vous pouvez demander leurs modifications ou exiger de ne plus figurer dans notre base de donn\u00e9es en nous contactant par E-mail.&nbsp;<br>Le vendeur &nbsp;s&rsquo;engage \u00e0 n&rsquo;en faire aucun autre usage.<\/p>\n\n\n\n<p><strong><u>Modalit\u00e9s de retour<\/u><\/strong><\/p>\n\n\n\n<p>Vous disposez d&rsquo;un d\u00e9lai de 7 jours \u00e0 compter de la r\u00e9ception de l\u2019\u0153uvre command\u00e9e si celle ci arrive d\u00e9t\u00e9rior\u00e9e. (bien consulter la rubrique livraison). Le remboursement sera effectu\u00e9 sous un d\u00e9lai de 15 jours apr\u00e8s r\u00e9ception de l\u2019\u0153uvre, sous r\u00e9serve que celle-ci soit retourn\u00e9e dans son emballage d\u2019origine. Seul le remboursement de l&rsquo;oeuvre d\u00e9t\u00e9rior\u00e9e est effectu\u00e9, les frais de port ne sont pas rembours\u00e9s. Les frais de retour sont \u00e0 la charge du client, dans les m\u00eames conditions d\u2019assurance (recommand\u00e9 ) que lors de l\u2019exp\u00e9dition.<\/p>\n\n\n\n<p><strong>Droit de r\u00e9tractation<\/strong><\/p>\n\n\n\n<p>Conform\u00e9ment \u00e0 l\u2019article L221-28 du Code de la consommation, le droit de r\u00e9tractation <strong>ne s\u2019applique pas<\/strong> aux \u0153uvres personnalis\u00e9es ou en \u00e9dition limit\u00e9e. Les tirages photographiques propos\u00e9s \u00e9tant r\u00e9alis\u00e9s \u00e0 la commande, num\u00e9rot\u00e9s et en s\u00e9rie limit\u00e9e, <strong>aucun retour ou remboursement ne pourra \u00eatre exig\u00e9<\/strong>, sauf en cas de produit endommag\u00e9 \u00e0 la r\u00e9ception.<\/p>\n\n\n\n<p><strong>Modification des CGV<\/strong><\/p>\n\n\n\n<p>Christian CAPRON se r\u00e9serve le droit de modifier les pr\u00e9sentes CGV \u00e0 tout moment. Les conditions applicables sont celles en vigueur \u00e0 la date de la commande.<\/p>\n\n\n\n<p>Mise \u00e0 jour ao\u00fbt 2025<\/p>\n\n\n\n<p><a href=\"https:\/\/galerie-argentique.com\/index.php\/galerie-argentique-photographie-christian-capron\/\" target=\"_blank\" rel=\"noreferrer noopener\">Accueil <\/a><\/p>\n\n\n\n<p><\/p>\n","protected":false},"excerpt":{"rendered":"<p>Conditions g\u00e9n\u00e9rales de vente Etablies entre le photographe \u00ab&nbsp;Christian Capron Photographie&nbsp;\u00bb nomm\u00e9 le vendeur, et \u00ab&nbsp;l\u2019acheteur&nbsp;\u00bb nomm\u00e9 le client. Conditions d\u2019achat Les prix sont indiqu\u00e9s en euros toutes taxes comprises.Les commandes sont payables uniquement en euros.&nbsp;Les prix peuvent changer \u00e0 tout moment en fonction de la cote de certaines photos, le prix est celui indiqu\u00e9 [&hellip;]<\/p>\n","protected":false},"author":1,"featured_media":0,"parent":0,"menu_order":0,"comment_status":"closed","ping_status":"closed","template":"","meta":{"footnotes":""},"class_list":["post-10","page","type-page","status-publish","hentry"],"yoast_head":"<!-- This site is optimized with the Yoast SEO plugin v27.5 - https:\/\/yoast.com\/product\/yoast-seo-wordpress\/ -->\n<title>Photographie d&#039;Art - Atelier \/ Galerie argentique<\/title>\n<meta name=\"description\" content=\"Photographie d&#039;Art. Toutes les photographies en vente sur Galerie Argentique.com du photographe Christian CAPRON r\u00e9pondent aux crit\u00e8res de ...\" \/>\n<meta name=\"robots\" content=\"index, follow, max-snippet:-1, max-image-preview:large, max-video-preview:-1\" \/>\n<link rel=\"canonical\" href=\"https:\/\/galerie-argentique.com\/index.php\/photographie-dart-remboursements_retours\/\" \/>\n<meta property=\"og:locale\" content=\"fr_FR\" \/>\n<meta property=\"og:type\" content=\"article\" \/>\n<meta property=\"og:title\" content=\"Photographie d&#039;Art - Atelier \/ Galerie argentique\" \/>\n<meta property=\"og:description\" content=\"Photographie d&#039;Art. Toutes les photographies en vente sur Galerie Argentique.com du photographe Christian CAPRON r\u00e9pondent aux crit\u00e8res de ...\" \/>\n<meta property=\"og:url\" content=\"https:\/\/galerie-argentique.com\/index.php\/photographie-dart-remboursements_retours\/\" \/>\n<meta property=\"og:site_name\" content=\"Atelier \/ Galerie argentique\" \/>\n<meta property=\"article:publisher\" content=\"https:\/\/www.facebook.com\/christian.capron.Photographie\/\" \/>\n<meta property=\"article:modified_time\" content=\"2025-09-05T13:08:06+00:00\" \/>\n<meta name=\"twitter:card\" content=\"summary_large_image\" \/>\n<meta name=\"twitter:label1\" content=\"Dur\u00e9e de lecture estim\u00e9e\" \/>\n\t<meta name=\"twitter:data1\" content=\"4 minutes\" \/>\n<script type=\"application\/ld+json\" class=\"yoast-schema-graph\">{\"@context\":\"https:\\\/\\\/schema.org\",\"@graph\":[{\"@type\":\"WebPage\",\"@id\":\"https:\\\/\\\/galerie-argentique.com\\\/index.php\\\/photographie-dart-remboursements_retours\\\/\",\"url\":\"https:\\\/\\\/galerie-argentique.com\\\/index.php\\\/photographie-dart-remboursements_retours\\\/\",\"name\":\"Photographie d'Art - Atelier \\\/ Galerie argentique\",\"isPartOf\":{\"@id\":\"https:\\\/\\\/galerie-argentique.com\\\/#website\"},\"datePublished\":\"2022-09-01T13:51:14+00:00\",\"dateModified\":\"2025-09-05T13:08:06+00:00\",\"description\":\"Photographie d'Art. Toutes les photographies en vente sur Galerie Argentique.com du photographe Christian CAPRON r\u00e9pondent aux crit\u00e8res de ...\",\"breadcrumb\":{\"@id\":\"https:\\\/\\\/galerie-argentique.com\\\/index.php\\\/photographie-dart-remboursements_retours\\\/#breadcrumb\"},\"inLanguage\":\"fr-FR\",\"potentialAction\":[{\"@type\":\"ReadAction\",\"target\":[\"https:\\\/\\\/galerie-argentique.com\\\/index.php\\\/photographie-dart-remboursements_retours\\\/\"]}]},{\"@type\":\"BreadcrumbList\",\"@id\":\"https:\\\/\\\/galerie-argentique.com\\\/index.php\\\/photographie-dart-remboursements_retours\\\/#breadcrumb\",\"itemListElement\":[{\"@type\":\"ListItem\",\"position\":1,\"name\":\"Accueil\",\"item\":\"https:\\\/\\\/galerie-argentique.com\\\/\"},{\"@type\":\"ListItem\",\"position\":2,\"name\":\"Conditions g\u00e9n\u00e9rales de vente\"}]},{\"@type\":\"WebSite\",\"@id\":\"https:\\\/\\\/galerie-argentique.com\\\/#website\",\"url\":\"https:\\\/\\\/galerie-argentique.com\\\/\",\"name\":\"Atelier \\\/ Galerie argentique\",\"description\":\"L\u00e0 o\u00f9 la photographie devient Art\",\"publisher\":{\"@id\":\"https:\\\/\\\/galerie-argentique.com\\\/#\\\/schema\\\/person\\\/8df0e7a68763fc385a469968f19edffc\"},\"potentialAction\":[{\"@type\":\"SearchAction\",\"target\":{\"@type\":\"EntryPoint\",\"urlTemplate\":\"https:\\\/\\\/galerie-argentique.com\\\/?s={search_term_string}\"},\"query-input\":{\"@type\":\"PropertyValueSpecification\",\"valueRequired\":true,\"valueName\":\"search_term_string\"}}],\"inLanguage\":\"fr-FR\"},{\"@type\":[\"Person\",\"Organization\"],\"@id\":\"https:\\\/\\\/galerie-argentique.com\\\/#\\\/schema\\\/person\\\/8df0e7a68763fc385a469968f19edffc\",\"name\":\"Christian CAPRON\",\"logo\":{\"@id\":\"https:\\\/\\\/galerie-argentique.com\\\/#\\\/schema\\\/person\\\/image\\\/\"},\"sameAs\":[\"https:\\\/\\\/galerie-argentique.com\\\/\",\"https:\\\/\\\/www.facebook.com\\\/christian.capron.Photographie\\\/\",\"https:\\\/\\\/www.instagram.com\\\/christiancapron\\\/?hl=fr\"]}]}<\/script>\n<!-- \/ Yoast SEO plugin. -->","yoast_head_json":{"title":"Photographie d'Art - Atelier \/ Galerie argentique","description":"Photographie d'Art. Toutes les photographies en vente sur Galerie Argentique.com du photographe Christian CAPRON r\u00e9pondent aux crit\u00e8res de ...","robots":{"index":"index","follow":"follow","max-snippet":"max-snippet:-1","max-image-preview":"max-image-preview:large","max-video-preview":"max-video-preview:-1"},"canonical":"https:\/\/galerie-argentique.com\/index.php\/photographie-dart-remboursements_retours\/","og_locale":"fr_FR","og_type":"article","og_title":"Photographie d'Art - Atelier \/ Galerie argentique","og_description":"Photographie d'Art. Toutes les photographies en vente sur Galerie Argentique.com du photographe Christian CAPRON r\u00e9pondent aux crit\u00e8res de ...","og_url":"https:\/\/galerie-argentique.com\/index.php\/photographie-dart-remboursements_retours\/","og_site_name":"Atelier \/ Galerie argentique","article_publisher":"https:\/\/www.facebook.com\/christian.capron.Photographie\/","article_modified_time":"2025-09-05T13:08:06+00:00","twitter_card":"summary_large_image","twitter_misc":{"Dur\u00e9e de lecture estim\u00e9e":"4 minutes"},"schema":{"@context":"https:\/\/schema.org","@graph":[{"@type":"WebPage","@id":"https:\/\/galerie-argentique.com\/index.php\/photographie-dart-remboursements_retours\/","url":"https:\/\/galerie-argentique.com\/index.php\/photographie-dart-remboursements_retours\/","name":"Photographie d'Art - Atelier \/ Galerie argentique","isPartOf":{"@id":"https:\/\/galerie-argentique.com\/#website"},"datePublished":"2022-09-01T13:51:14+00:00","dateModified":"2025-09-05T13:08:06+00:00","description":"Photographie d'Art. Toutes les photographies en vente sur Galerie Argentique.com du photographe Christian CAPRON r\u00e9pondent aux crit\u00e8res de ...","breadcrumb":{"@id":"https:\/\/galerie-argentique.com\/index.php\/photographie-dart-remboursements_retours\/#breadcrumb"},"inLanguage":"fr-FR","potentialAction":[{"@type":"ReadAction","target":["https:\/\/galerie-argentique.com\/index.php\/photographie-dart-remboursements_retours\/"]}]},{"@type":"BreadcrumbList","@id":"https:\/\/galerie-argentique.com\/index.php\/photographie-dart-remboursements_retours\/#breadcrumb","itemListElement":[{"@type":"ListItem","position":1,"name":"Accueil","item":"https:\/\/galerie-argentique.com\/"},{"@type":"ListItem","position":2,"name":"Conditions g\u00e9n\u00e9rales de vente"}]},{"@type":"WebSite","@id":"https:\/\/galerie-argentique.com\/#website","url":"https:\/\/galerie-argentique.com\/","name":"Atelier \/ Galerie argentique","description":"L\u00e0 o\u00f9 la photographie devient Art","publisher":{"@id":"https:\/\/galerie-argentique.com\/#\/schema\/person\/8df0e7a68763fc385a469968f19edffc"},"potentialAction":[{"@type":"SearchAction","target":{"@type":"EntryPoint","urlTemplate":"https:\/\/galerie-argentique.com\/?s={search_term_string}"},"query-input":{"@type":"PropertyValueSpecification","valueRequired":true,"valueName":"search_term_string"}}],"inLanguage":"fr-FR"},{"@type":["Person","Organization"],"@id":"https:\/\/galerie-argentique.com\/#\/schema\/person\/8df0e7a68763fc385a469968f19edffc","name":"Christian CAPRON","logo":{"@id":"https:\/\/galerie-argentique.com\/#\/schema\/person\/image\/"},"sameAs":["https:\/\/galerie-argentique.com\/","https:\/\/www.facebook.com\/christian.capron.Photographie\/","https:\/\/www.instagram.com\/christiancapron\/?hl=fr"]}]}},"jetpack_sharing_enabled":true,"_links":{"self":[{"href":"https:\/\/galerie-argentique.com\/index.php\/wp-json\/wp\/v2\/pages\/10","targetHints":{"allow":["GET"]}}],"collection":[{"href":"https:\/\/galerie-argentique.com\/index.php\/wp-json\/wp\/v2\/pages"}],"about":[{"href":"https:\/\/galerie-argentique.com\/index.php\/wp-json\/wp\/v2\/types\/page"}],"author":[{"embeddable":true,"href":"https:\/\/galerie-argentique.com\/index.php\/wp-json\/wp\/v2\/users\/1"}],"replies":[{"embeddable":true,"href":"https:\/\/galerie-argentique.com\/index.php\/wp-json\/wp\/v2\/comments?post=10"}],"version-history":[{"count":32,"href":"https:\/\/galerie-argentique.com\/index.php\/wp-json\/wp\/v2\/pages\/10\/revisions"}],"predecessor-version":[{"id":1428,"href":"https:\/\/galerie-argentique.com\/index.php\/wp-json\/wp\/v2\/pages\/10\/revisions\/1428"}],"wp:attachment":[{"href":"https:\/\/galerie-argentique.com\/index.php\/wp-json\/wp\/v2\/media?parent=10"}],"curies":[{"name":"wp","href":"https:\/\/api.w.org\/{rel}","templated":true}]}}