{"id":1487,"date":"2025-12-07T07:59:38","date_gmt":"2025-12-07T06:59:38","guid":{"rendered":"https:\/\/galerie-argentique.com\/?page_id=1487"},"modified":"2026-02-14T13:16:17","modified_gmt":"2026-02-14T12:16:17","slug":"latelier-galerie-galerie-argentique-christian-capron-photographie","status":"publish","type":"page","link":"https:\/\/galerie-argentique.com\/index.php\/latelier-galerie-galerie-argentique-christian-capron-photographie\/","title":{"rendered":"Visite de l&rsquo;Atelier"},"content":{"rendered":"<div class=\"wp-block-image\">\n<figure class=\"aligncenter size-full is-resized\"><img data-dominant-color=\"a40407\" data-has-transparency=\"false\" loading=\"lazy\" decoding=\"async\" width=\"968\" height=\"495\" src=\"https:\/\/galerie-argentique.com\/wp-content\/uploads\/2025\/12\/pour-le-site-labo.jpg\" alt=\"\" class=\"wp-image-1526 not-transparent\" style=\"--dominant-color: #a40407; aspect-ratio:1.9555892295139294;width:383px;height:auto\" srcset=\"https:\/\/galerie-argentique.com\/wp-content\/uploads\/2025\/12\/pour-le-site-labo.jpg 968w, https:\/\/galerie-argentique.com\/wp-content\/uploads\/2025\/12\/pour-le-site-labo-700x358.jpg 700w, https:\/\/galerie-argentique.com\/wp-content\/uploads\/2025\/12\/pour-le-site-labo-768x393.jpg 768w, https:\/\/galerie-argentique.com\/wp-content\/uploads\/2025\/12\/pour-le-site-labo-324x166.jpg 324w, https:\/\/galerie-argentique.com\/wp-content\/uploads\/2025\/12\/pour-le-site-labo-416x213.jpg 416w\" sizes=\"auto, (max-width: 968px) 100vw, 968px\" \/><\/figure>\n<\/div>\n\n\n<p>L\u2019<strong>Atelier\/Galerie Argentique<\/strong> est un lieu intimiste, pens\u00e9 pour accueillir les visiteurs dans une atmosph\u00e8re \u00e0 la fois conviviale et respectueuse du travail artisanal. Ici, le laboratoire jouxte directement la galerie.  C\u2019est le c\u0153ur battant de ma pratique, l\u2019endroit o\u00f9 la lumi\u00e8re se transforme en tirage argentique, enti\u00e8rement r\u00e9alis\u00e9 \u00e0 la main.<\/p>\n\n\n\n<p>Parce que les s\u00e9ances de tirage exigent une concentration absolue et un environnement parfaitement ma\u00eetris\u00e9, je ne propose pas de visites pendant ces moments de cr\u00e9ation. C\u2019est pour cette raison que toutes les visites se font <strong>uniquement sur rendez-vous<\/strong>. Cette organisation me permet de pr\u00e9server la qualit\u00e9 de mon travail tout en offrant aux visiteurs une exp\u00e9rience plus personnelle et attentive.<\/p>\n\n\n\n<p>Lors de mes sorties photographiques, l\u2019atelier est ferm\u00e9. Mais rassurez-vous, les plages de visite restent larges, et si je suis disponible, je peux aussi vous recevoir le <strong>week-end<\/strong>. Cette flexibilit\u00e9 est importante pour moi, car je souhaite que chacun puisse d\u00e9couvrir l\u2019univers de l\u2019argentique dans les meilleures conditions.<\/p>\n\n\n\n<p>\ud83d\udcf1 Contact WhatsApp : <strong>06 92 57 40 28<\/strong><\/p>\n\n\n\n<div class=\"wp-block-group is-nowrap is-layout-flex wp-container-core-group-is-layout-6c531013 wp-block-group-is-layout-flex\">\n<p>Toutes les photographies pr\u00e9sent\u00e9es dans la Galerie sont disponibles \u00e0 la vente, avec ou sans cadre, selon vos envies. Chaque tirage est num\u00e9rot\u00e9, sign\u00e9 et certifi\u00e9, garantissant son authenticit\u00e9 et sa valeur d\u2019\u0153uvre originale. Si vous souhaitez une photographie dans un format plus petit ou plus grand, il est possible de la r\u00e9aliser sur commande, \u00e0 condition que <a href=\"https:\/\/galerie-argentique.com\/index.php\/2025\/10\/13\/numerotation-photographique-christian-capron-photographie\/\" target=\"_blank\" rel=\"noreferrer noopener\">la <strong>num\u00e9rotation<\/strong><\/a> le permette. Je prends toujours le temps n\u00e9cessaire avant de proc\u00e9der \u00e0 un retirage, ici rien n&rsquo;est fait dans l&rsquo;urgence.<\/p>\n<\/div>\n\n\n\n<p>L\u2019Atelier\/Galerie est donc bien plus qu\u2019un simple espace d\u2019exposition, c\u2019est un lieu de rencontre, de partage et de transmission autour de la photographie argentique. Chaque visite est une immersion dans un univers o\u00f9 la patience, la mati\u00e8re et la lumi\u00e8re donnent naissance \u00e0 des \u0153uvres uniques.<\/p>\n\n\n\n<p><\/p>\n\n\n<div class=\"wp-block-image\">\n<figure class=\"aligncenter size-large is-resized\"><img data-dominant-color=\"a6a8a6\" data-has-transparency=\"false\" loading=\"lazy\" decoding=\"async\" width=\"1024\" height=\"511\" src=\"https:\/\/galerie-argentique.com\/wp-content\/uploads\/2025\/12\/SITE2-1024x511.jpg\" alt=\"\" class=\"wp-image-1523 not-transparent\" style=\"--dominant-color: #a6a8a6; aspect-ratio:2.0039417104634496;width:648px;height:auto\" srcset=\"https:\/\/galerie-argentique.com\/wp-content\/uploads\/2025\/12\/SITE2-1024x511.jpg 1024w, https:\/\/galerie-argentique.com\/wp-content\/uploads\/2025\/12\/SITE2-700x350.jpg 700w, https:\/\/galerie-argentique.com\/wp-content\/uploads\/2025\/12\/SITE2-768x383.jpg 768w, https:\/\/galerie-argentique.com\/wp-content\/uploads\/2025\/12\/SITE2-1320x659.jpg 1320w, https:\/\/galerie-argentique.com\/wp-content\/uploads\/2025\/12\/SITE2-324x162.jpg 324w, https:\/\/galerie-argentique.com\/wp-content\/uploads\/2025\/12\/SITE2-416x208.jpg 416w, https:\/\/galerie-argentique.com\/wp-content\/uploads\/2025\/12\/SITE2.jpg 1500w\" sizes=\"auto, (max-width: 1024px) 100vw, 1024px\" \/><\/figure>\n<\/div>\n\n<div class=\"wp-block-image\">\n<figure class=\"aligncenter size-large is-resized\"><img data-dominant-color=\"979897\" data-has-transparency=\"false\" loading=\"lazy\" decoding=\"async\" width=\"1024\" height=\"496\" src=\"https:\/\/galerie-argentique.com\/wp-content\/uploads\/2025\/12\/SITE1-1024x496.jpg\" alt=\"\" class=\"wp-image-1522 not-transparent\" style=\"--dominant-color: #979897; aspect-ratio:2.0645227449854384;width:652px;height:auto\" srcset=\"https:\/\/galerie-argentique.com\/wp-content\/uploads\/2025\/12\/SITE1-1024x496.jpg 1024w, https:\/\/galerie-argentique.com\/wp-content\/uploads\/2025\/12\/SITE1-700x339.jpg 700w, https:\/\/galerie-argentique.com\/wp-content\/uploads\/2025\/12\/SITE1-768x372.jpg 768w, https:\/\/galerie-argentique.com\/wp-content\/uploads\/2025\/12\/SITE1-1320x640.jpg 1320w, https:\/\/galerie-argentique.com\/wp-content\/uploads\/2025\/12\/SITE1-324x157.jpg 324w, https:\/\/galerie-argentique.com\/wp-content\/uploads\/2025\/12\/SITE1-416x202.jpg 416w, https:\/\/galerie-argentique.com\/wp-content\/uploads\/2025\/12\/SITE1.jpg 1500w\" sizes=\"auto, (max-width: 1024px) 100vw, 1024px\" \/><\/figure>\n<\/div>\n\n<div class=\"wp-block-image\">\n<figure class=\"aligncenter size-full\"><img data-dominant-color=\"b1aca7\" data-has-transparency=\"false\" style=\"--dominant-color: #b1aca7;\" loading=\"lazy\" decoding=\"async\" width=\"797\" height=\"995\" src=\"https:\/\/galerie-argentique.com\/wp-content\/uploads\/2025\/12\/agrandisseur-FB.jpg\" alt=\"\" class=\"wp-image-1501 not-transparent\" srcset=\"https:\/\/galerie-argentique.com\/wp-content\/uploads\/2025\/12\/agrandisseur-FB.jpg 797w, https:\/\/galerie-argentique.com\/wp-content\/uploads\/2025\/12\/agrandisseur-FB-561x700.jpg 561w, https:\/\/galerie-argentique.com\/wp-content\/uploads\/2025\/12\/agrandisseur-FB-768x959.jpg 768w, https:\/\/galerie-argentique.com\/wp-content\/uploads\/2025\/12\/agrandisseur-FB-324x404.jpg 324w, https:\/\/galerie-argentique.com\/wp-content\/uploads\/2025\/12\/agrandisseur-FB-416x519.jpg 416w\" sizes=\"auto, (max-width: 797px) 100vw, 797px\" \/><\/figure>\n<\/div>\n\n\n<p><a href=\"https:\/\/galerie-argentique.com\/\" target=\"_blank\" rel=\"noreferrer noopener\">Accueil <\/a><\/p>\n\n\n\n<p><a href=\"https:\/\/www.photos-argentique.fr\/\">La Galerie<\/a><\/p>\n","protected":false},"excerpt":{"rendered":"<p>L\u2019Atelier\/Galerie Argentique est un lieu intimiste, pens\u00e9 pour accueillir les visiteurs dans une atmosph\u00e8re \u00e0 la fois conviviale et respectueuse du travail artisanal. Ici, le laboratoire jouxte directement la galerie. C\u2019est le c\u0153ur battant de ma pratique, l\u2019endroit o\u00f9 la lumi\u00e8re se transforme en tirage argentique, enti\u00e8rement r\u00e9alis\u00e9 \u00e0 la main. Parce que les s\u00e9ances [&hellip;]<\/p>\n","protected":false},"author":1,"featured_media":0,"parent":0,"menu_order":0,"comment_status":"closed","ping_status":"closed","template":"","meta":{"footnotes":""},"class_list":["post-1487","page","type-page","status-publish","hentry"],"yoast_head":"<!-- This site is optimized with the Yoast SEO plugin v27.5 - https:\/\/yoast.com\/product\/yoast-seo-wordpress\/ -->\n<title>Visite de l&#039;Atelier - Atelier \/ Galerie argentique Visite du labo<\/title>\n<meta name=\"description\" content=\"Vous voulez visiter l&#039;Atelier\/Galerie argentique, pas de soucis, vous pouvez me contacter. Christian CAPRON Photographie...\" \/>\n<meta name=\"robots\" content=\"index, follow, max-snippet:-1, max-image-preview:large, max-video-preview:-1\" \/>\n<link rel=\"canonical\" href=\"https:\/\/galerie-argentique.com\/index.php\/latelier-galerie-galerie-argentique-christian-capron-photographie\/\" \/>\n<meta property=\"og:locale\" content=\"fr_FR\" \/>\n<meta property=\"og:type\" content=\"article\" \/>\n<meta property=\"og:title\" content=\"Visite de l&#039;Atelier - Atelier \/ Galerie argentique Visite du labo\" \/>\n<meta property=\"og:description\" content=\"Vous voulez visiter l&#039;Atelier\/Galerie argentique, pas de soucis, vous pouvez me contacter. Christian CAPRON Photographie...\" \/>\n<meta property=\"og:url\" content=\"https:\/\/galerie-argentique.com\/index.php\/latelier-galerie-galerie-argentique-christian-capron-photographie\/\" \/>\n<meta property=\"og:site_name\" content=\"Atelier \/ Galerie argentique\" \/>\n<meta property=\"article:publisher\" content=\"https:\/\/www.facebook.com\/christian.capron.Photographie\/\" \/>\n<meta property=\"article:modified_time\" content=\"2026-02-14T12:16:17+00:00\" \/>\n<meta property=\"og:image\" content=\"https:\/\/galerie-argentique.com\/wp-content\/uploads\/2025\/12\/pour-le-site-labo.jpg\" \/>\n\t<meta property=\"og:image:width\" content=\"968\" \/>\n\t<meta property=\"og:image:height\" content=\"495\" \/>\n\t<meta property=\"og:image:type\" content=\"image\/jpeg\" \/>\n<meta name=\"twitter:card\" content=\"summary_large_image\" \/>\n<meta name=\"twitter:label1\" content=\"Dur\u00e9e de lecture estim\u00e9e\" \/>\n\t<meta name=\"twitter:data1\" content=\"3 minutes\" \/>\n<script type=\"application\/ld+json\" class=\"yoast-schema-graph\">{\"@context\":\"https:\\\/\\\/schema.org\",\"@graph\":[{\"@type\":\"WebPage\",\"@id\":\"https:\\\/\\\/galerie-argentique.com\\\/index.php\\\/latelier-galerie-galerie-argentique-christian-capron-photographie\\\/\",\"url\":\"https:\\\/\\\/galerie-argentique.com\\\/index.php\\\/latelier-galerie-galerie-argentique-christian-capron-photographie\\\/\",\"name\":\"Visite de l'Atelier - Atelier \\\/ Galerie argentique Visite du labo\",\"isPartOf\":{\"@id\":\"https:\\\/\\\/galerie-argentique.com\\\/#website\"},\"primaryImageOfPage\":{\"@id\":\"https:\\\/\\\/galerie-argentique.com\\\/index.php\\\/latelier-galerie-galerie-argentique-christian-capron-photographie\\\/#primaryimage\"},\"image\":{\"@id\":\"https:\\\/\\\/galerie-argentique.com\\\/index.php\\\/latelier-galerie-galerie-argentique-christian-capron-photographie\\\/#primaryimage\"},\"thumbnailUrl\":\"https:\\\/\\\/galerie-argentique.com\\\/wp-content\\\/uploads\\\/2025\\\/12\\\/pour-le-site-labo.jpg\",\"datePublished\":\"2025-12-07T06:59:38+00:00\",\"dateModified\":\"2026-02-14T12:16:17+00:00\",\"description\":\"Vous voulez visiter l'Atelier\\\/Galerie argentique, pas de soucis, vous pouvez me contacter. Christian CAPRON Photographie...\",\"breadcrumb\":{\"@id\":\"https:\\\/\\\/galerie-argentique.com\\\/index.php\\\/latelier-galerie-galerie-argentique-christian-capron-photographie\\\/#breadcrumb\"},\"inLanguage\":\"fr-FR\",\"potentialAction\":[{\"@type\":\"ReadAction\",\"target\":[\"https:\\\/\\\/galerie-argentique.com\\\/index.php\\\/latelier-galerie-galerie-argentique-christian-capron-photographie\\\/\"]}]},{\"@type\":\"ImageObject\",\"inLanguage\":\"fr-FR\",\"@id\":\"https:\\\/\\\/galerie-argentique.com\\\/index.php\\\/latelier-galerie-galerie-argentique-christian-capron-photographie\\\/#primaryimage\",\"url\":\"https:\\\/\\\/galerie-argentique.com\\\/wp-content\\\/uploads\\\/2025\\\/12\\\/pour-le-site-labo.jpg\",\"contentUrl\":\"https:\\\/\\\/galerie-argentique.com\\\/wp-content\\\/uploads\\\/2025\\\/12\\\/pour-le-site-labo.jpg\",\"width\":968,\"height\":495},{\"@type\":\"BreadcrumbList\",\"@id\":\"https:\\\/\\\/galerie-argentique.com\\\/index.php\\\/latelier-galerie-galerie-argentique-christian-capron-photographie\\\/#breadcrumb\",\"itemListElement\":[{\"@type\":\"ListItem\",\"position\":1,\"name\":\"Accueil\",\"item\":\"https:\\\/\\\/galerie-argentique.com\\\/\"},{\"@type\":\"ListItem\",\"position\":2,\"name\":\"Visite de l&rsquo;Atelier\"}]},{\"@type\":\"WebSite\",\"@id\":\"https:\\\/\\\/galerie-argentique.com\\\/#website\",\"url\":\"https:\\\/\\\/galerie-argentique.com\\\/\",\"name\":\"Atelier \\\/ Galerie argentique\",\"description\":\"L\u00e0 o\u00f9 la photographie devient Art\",\"publisher\":{\"@id\":\"https:\\\/\\\/galerie-argentique.com\\\/#\\\/schema\\\/person\\\/8df0e7a68763fc385a469968f19edffc\"},\"potentialAction\":[{\"@type\":\"SearchAction\",\"target\":{\"@type\":\"EntryPoint\",\"urlTemplate\":\"https:\\\/\\\/galerie-argentique.com\\\/?s={search_term_string}\"},\"query-input\":{\"@type\":\"PropertyValueSpecification\",\"valueRequired\":true,\"valueName\":\"search_term_string\"}}],\"inLanguage\":\"fr-FR\"},{\"@type\":[\"Person\",\"Organization\"],\"@id\":\"https:\\\/\\\/galerie-argentique.com\\\/#\\\/schema\\\/person\\\/8df0e7a68763fc385a469968f19edffc\",\"name\":\"Christian CAPRON\",\"logo\":{\"@id\":\"https:\\\/\\\/galerie-argentique.com\\\/#\\\/schema\\\/person\\\/image\\\/\"},\"sameAs\":[\"https:\\\/\\\/galerie-argentique.com\\\/\",\"https:\\\/\\\/www.facebook.com\\\/christian.capron.Photographie\\\/\",\"https:\\\/\\\/www.instagram.com\\\/christiancapron\\\/?hl=fr\"]}]}<\/script>\n<!-- \/ Yoast SEO plugin. -->","yoast_head_json":{"title":"Visite de l'Atelier - Atelier \/ Galerie argentique Visite du labo","description":"Vous voulez visiter l'Atelier\/Galerie argentique, pas de soucis, vous pouvez me contacter. Christian CAPRON Photographie...","robots":{"index":"index","follow":"follow","max-snippet":"max-snippet:-1","max-image-preview":"max-image-preview:large","max-video-preview":"max-video-preview:-1"},"canonical":"https:\/\/galerie-argentique.com\/index.php\/latelier-galerie-galerie-argentique-christian-capron-photographie\/","og_locale":"fr_FR","og_type":"article","og_title":"Visite de l'Atelier - Atelier \/ Galerie argentique Visite du labo","og_description":"Vous voulez visiter l'Atelier\/Galerie argentique, pas de soucis, vous pouvez me contacter. Christian CAPRON Photographie...","og_url":"https:\/\/galerie-argentique.com\/index.php\/latelier-galerie-galerie-argentique-christian-capron-photographie\/","og_site_name":"Atelier \/ Galerie argentique","article_publisher":"https:\/\/www.facebook.com\/christian.capron.Photographie\/","article_modified_time":"2026-02-14T12:16:17+00:00","og_image":[{"width":968,"height":495,"url":"https:\/\/galerie-argentique.com\/wp-content\/uploads\/2025\/12\/pour-le-site-labo.jpg","type":"image\/jpeg"}],"twitter_card":"summary_large_image","twitter_misc":{"Dur\u00e9e de lecture estim\u00e9e":"3 minutes"},"schema":{"@context":"https:\/\/schema.org","@graph":[{"@type":"WebPage","@id":"https:\/\/galerie-argentique.com\/index.php\/latelier-galerie-galerie-argentique-christian-capron-photographie\/","url":"https:\/\/galerie-argentique.com\/index.php\/latelier-galerie-galerie-argentique-christian-capron-photographie\/","name":"Visite de l'Atelier - Atelier \/ Galerie argentique Visite du labo","isPartOf":{"@id":"https:\/\/galerie-argentique.com\/#website"},"primaryImageOfPage":{"@id":"https:\/\/galerie-argentique.com\/index.php\/latelier-galerie-galerie-argentique-christian-capron-photographie\/#primaryimage"},"image":{"@id":"https:\/\/galerie-argentique.com\/index.php\/latelier-galerie-galerie-argentique-christian-capron-photographie\/#primaryimage"},"thumbnailUrl":"https:\/\/galerie-argentique.com\/wp-content\/uploads\/2025\/12\/pour-le-site-labo.jpg","datePublished":"2025-12-07T06:59:38+00:00","dateModified":"2026-02-14T12:16:17+00:00","description":"Vous voulez visiter l'Atelier\/Galerie argentique, pas de soucis, vous pouvez me contacter. Christian CAPRON Photographie...","breadcrumb":{"@id":"https:\/\/galerie-argentique.com\/index.php\/latelier-galerie-galerie-argentique-christian-capron-photographie\/#breadcrumb"},"inLanguage":"fr-FR","potentialAction":[{"@type":"ReadAction","target":["https:\/\/galerie-argentique.com\/index.php\/latelier-galerie-galerie-argentique-christian-capron-photographie\/"]}]},{"@type":"ImageObject","inLanguage":"fr-FR","@id":"https:\/\/galerie-argentique.com\/index.php\/latelier-galerie-galerie-argentique-christian-capron-photographie\/#primaryimage","url":"https:\/\/galerie-argentique.com\/wp-content\/uploads\/2025\/12\/pour-le-site-labo.jpg","contentUrl":"https:\/\/galerie-argentique.com\/wp-content\/uploads\/2025\/12\/pour-le-site-labo.jpg","width":968,"height":495},{"@type":"BreadcrumbList","@id":"https:\/\/galerie-argentique.com\/index.php\/latelier-galerie-galerie-argentique-christian-capron-photographie\/#breadcrumb","itemListElement":[{"@type":"ListItem","position":1,"name":"Accueil","item":"https:\/\/galerie-argentique.com\/"},{"@type":"ListItem","position":2,"name":"Visite de l&rsquo;Atelier"}]},{"@type":"WebSite","@id":"https:\/\/galerie-argentique.com\/#website","url":"https:\/\/galerie-argentique.com\/","name":"Atelier \/ Galerie argentique","description":"L\u00e0 o\u00f9 la photographie devient Art","publisher":{"@id":"https:\/\/galerie-argentique.com\/#\/schema\/person\/8df0e7a68763fc385a469968f19edffc"},"potentialAction":[{"@type":"SearchAction","target":{"@type":"EntryPoint","urlTemplate":"https:\/\/galerie-argentique.com\/?s={search_term_string}"},"query-input":{"@type":"PropertyValueSpecification","valueRequired":true,"valueName":"search_term_string"}}],"inLanguage":"fr-FR"},{"@type":["Person","Organization"],"@id":"https:\/\/galerie-argentique.com\/#\/schema\/person\/8df0e7a68763fc385a469968f19edffc","name":"Christian CAPRON","logo":{"@id":"https:\/\/galerie-argentique.com\/#\/schema\/person\/image\/"},"sameAs":["https:\/\/galerie-argentique.com\/","https:\/\/www.facebook.com\/christian.capron.Photographie\/","https:\/\/www.instagram.com\/christiancapron\/?hl=fr"]}]}},"jetpack_sharing_enabled":true,"_links":{"self":[{"href":"https:\/\/galerie-argentique.com\/index.php\/wp-json\/wp\/v2\/pages\/1487","targetHints":{"allow":["GET"]}}],"collection":[{"href":"https:\/\/galerie-argentique.com\/index.php\/wp-json\/wp\/v2\/pages"}],"about":[{"href":"https:\/\/galerie-argentique.com\/index.php\/wp-json\/wp\/v2\/types\/page"}],"author":[{"embeddable":true,"href":"https:\/\/galerie-argentique.com\/index.php\/wp-json\/wp\/v2\/users\/1"}],"replies":[{"embeddable":true,"href":"https:\/\/galerie-argentique.com\/index.php\/wp-json\/wp\/v2\/comments?post=1487"}],"version-history":[{"count":14,"href":"https:\/\/galerie-argentique.com\/index.php\/wp-json\/wp\/v2\/pages\/1487\/revisions"}],"predecessor-version":[{"id":1714,"href":"https:\/\/galerie-argentique.com\/index.php\/wp-json\/wp\/v2\/pages\/1487\/revisions\/1714"}],"wp:attachment":[{"href":"https:\/\/galerie-argentique.com\/index.php\/wp-json\/wp\/v2\/media?parent=1487"}],"curies":[{"name":"wp","href":"https:\/\/api.w.org\/{rel}","templated":true}]}}