{"id":146,"date":"2022-08-30T08:56:23","date_gmt":"2022-08-30T06:56:23","guid":{"rendered":"https:\/\/galerie-argentique.com\/?post_type=product&#038;p=146"},"modified":"2025-08-15T14:04:37","modified_gmt":"2025-08-15T12:04:37","slug":"la-danseuse","status":"publish","type":"product","link":"https:\/\/galerie-argentique.com\/index.php\/produit\/la-danseuse\/","title":{"rendered":"La Danseuse"},"content":{"rendered":"<p>Ile de la R\u00e9union 2020.<\/p>\n<p>Format papier 40 x 40<\/p>\n<p>Ce tirage a \u00e9t\u00e9 tir\u00e9 manuellement par l&rsquo;auteur, dans son labo, sur un papier Ilford Baryt\u00e9 Warmtone, virage S\u00e9l\u00e9nium<\/p>\n<p>Certificat d&rsquo;authenticit\u00e9<\/p>\n<p><a href=\"https:\/\/galerie-argentique.com\/index.php\/photographie-d-art-christian-capron-photographie-ile-de-la-reunion-saint-leu\/\"><strong>Possibilit\u00e9 certification ArtTrust\u00a0<\/strong><\/a><\/p>\n<p>TIRAGE ORIGINAL\u00a0 s\u00e9rie de 15 exemplaires, tous formats confondus.<br \/>\nInformations inscrites au dos de la photographie :<br \/>\n&#8211; la signature de l&rsquo;artiste<br \/>\n&#8211; le nom du tireur et la date du tirage<br \/>\n&#8211; lieu de prise de vue<br \/>\n&#8211; la date de l&rsquo;oeuvre<br \/>\nTimbre \u00e0 sec en bas \u00e0 droite<\/p>\n<p>Marge blanche autour de la photo. Signature et n\u00b0 du tirage sur la marge en bas<\/p>\n","protected":false},"excerpt":{"rendered":"<p>&nbsp;<\/p>\n<p><strong>La Danseuse<\/strong><\/p>\n<p>390 \u20ac<\/p>\n<p>Tirage argentique de collection\u00a0 N\u00b0 11\/15<\/p>\n<p><strong>Reste seulement 1 tirage \u00e0 la vente en 40&#215;40 sur commande<\/strong><\/p>\n<p>&nbsp;<\/p>\n<p>&nbsp;<\/p>\n","protected":false},"featured_media":755,"template":"","meta":[],"product_brand":[],"product_cat":[56,51],"product_tag":[],"class_list":{"0":"post-146","1":"product","2":"type-product","3":"status-publish","4":"has-post-thumbnail","6":"product_cat-40-x-50","7":"product_cat-ile-de-la-reunion","9":"first","10":"instock","11":"shipping-taxable","12":"product-type-simple"},"yoast_head":"<!-- This site is optimized with the Yoast SEO plugin v27.3 - https:\/\/yoast.com\/product\/yoast-seo-wordpress\/ -->\n<title>La Danseuse - Atelier \/ Galerie argentique<\/title>\n<meta name=\"robots\" content=\"index, follow, max-snippet:-1, max-image-preview:large, max-video-preview:-1\" \/>\n<link rel=\"canonical\" href=\"https:\/\/galerie-argentique.com\/index.php\/produit\/la-danseuse\/\" \/>\n<meta property=\"og:locale\" content=\"fr_FR\" \/>\n<meta property=\"og:type\" content=\"article\" \/>\n<meta property=\"og:title\" content=\"La Danseuse - Atelier \/ Galerie argentique\" \/>\n<meta property=\"og:description\" content=\"&nbsp;  La Danseuse  390 \u20ac  Tirage argentique de collection\u00a0 N\u00b0 11\/15  Reste seulement 1 tirage \u00e0 la vente en 40x40 sur commande  &nbsp;  &nbsp;\" \/>\n<meta property=\"og:url\" content=\"https:\/\/galerie-argentique.com\/index.php\/produit\/la-danseuse\/\" \/>\n<meta property=\"og:site_name\" content=\"Atelier \/ Galerie argentique\" \/>\n<meta property=\"article:publisher\" content=\"https:\/\/www.facebook.com\/christian.capron.Photographie\/\" \/>\n<meta property=\"article:modified_time\" content=\"2025-08-15T12:04:37+00:00\" \/>\n<meta property=\"og:image\" content=\"https:\/\/galerie-argentique.com\/wp-content\/uploads\/2022\/08\/pour-site-4-copie-jpg.webp\" \/>\n\t<meta property=\"og:image:width\" content=\"1000\" \/>\n\t<meta property=\"og:image:height\" content=\"1003\" \/>\n\t<meta property=\"og:image:type\" content=\"image\/jpeg\" \/>\n<meta name=\"twitter:card\" content=\"summary_large_image\" \/>\n<meta name=\"twitter:label1\" content=\"Dur\u00e9e de lecture estim\u00e9e\" \/>\n\t<meta name=\"twitter:data1\" content=\"1 minute\" \/>\n<script type=\"application\/ld+json\" class=\"yoast-schema-graph\">{\"@context\":\"https:\\\/\\\/schema.org\",\"@graph\":[{\"@type\":\"WebPage\",\"@id\":\"https:\\\/\\\/galerie-argentique.com\\\/index.php\\\/produit\\\/la-danseuse\\\/\",\"url\":\"https:\\\/\\\/galerie-argentique.com\\\/index.php\\\/produit\\\/la-danseuse\\\/\",\"name\":\"La Danseuse - Atelier \\\/ Galerie argentique\",\"isPartOf\":{\"@id\":\"https:\\\/\\\/galerie-argentique.com\\\/#website\"},\"primaryImageOfPage\":{\"@id\":\"https:\\\/\\\/galerie-argentique.com\\\/index.php\\\/produit\\\/la-danseuse\\\/#primaryimage\"},\"image\":{\"@id\":\"https:\\\/\\\/galerie-argentique.com\\\/index.php\\\/produit\\\/la-danseuse\\\/#primaryimage\"},\"thumbnailUrl\":\"https:\\\/\\\/galerie-argentique.com\\\/wp-content\\\/uploads\\\/2022\\\/08\\\/pour-site-4-copie-jpg.webp\",\"datePublished\":\"2022-08-30T06:56:23+00:00\",\"dateModified\":\"2025-08-15T12:04:37+00:00\",\"breadcrumb\":{\"@id\":\"https:\\\/\\\/galerie-argentique.com\\\/index.php\\\/produit\\\/la-danseuse\\\/#breadcrumb\"},\"inLanguage\":\"fr-FR\",\"potentialAction\":[{\"@type\":\"ReadAction\",\"target\":[\"https:\\\/\\\/galerie-argentique.com\\\/index.php\\\/produit\\\/la-danseuse\\\/\"]}]},{\"@type\":\"ImageObject\",\"inLanguage\":\"fr-FR\",\"@id\":\"https:\\\/\\\/galerie-argentique.com\\\/index.php\\\/produit\\\/la-danseuse\\\/#primaryimage\",\"url\":\"https:\\\/\\\/galerie-argentique.com\\\/wp-content\\\/uploads\\\/2022\\\/08\\\/pour-site-4-copie-jpg.webp\",\"contentUrl\":\"https:\\\/\\\/galerie-argentique.com\\\/wp-content\\\/uploads\\\/2022\\\/08\\\/pour-site-4-copie-jpg.webp\",\"width\":1000,\"height\":1003,\"caption\":\"Tirage de collection C.CAPRON Photographie\"},{\"@type\":\"BreadcrumbList\",\"@id\":\"https:\\\/\\\/galerie-argentique.com\\\/index.php\\\/produit\\\/la-danseuse\\\/#breadcrumb\",\"itemListElement\":[{\"@type\":\"ListItem\",\"position\":1,\"name\":\"Accueil\",\"item\":\"https:\\\/\\\/galerie-argentique.com\\\/\"},{\"@type\":\"ListItem\",\"position\":2,\"name\":\"Boutique\",\"item\":\"https:\\\/\\\/galerie-argentique.com\\\/index.php\\\/tirages-de-collections-boutique-editions-limitees\\\/\"},{\"@type\":\"ListItem\",\"position\":3,\"name\":\"La Danseuse\"}]},{\"@type\":\"WebSite\",\"@id\":\"https:\\\/\\\/galerie-argentique.com\\\/#website\",\"url\":\"https:\\\/\\\/galerie-argentique.com\\\/\",\"name\":\"Atelier \\\/ Galerie argentique\",\"description\":\"Christian CAPRON\",\"publisher\":{\"@id\":\"https:\\\/\\\/galerie-argentique.com\\\/#\\\/schema\\\/person\\\/8df0e7a68763fc385a469968f19edffc\"},\"potentialAction\":[{\"@type\":\"SearchAction\",\"target\":{\"@type\":\"EntryPoint\",\"urlTemplate\":\"https:\\\/\\\/galerie-argentique.com\\\/?s={search_term_string}\"},\"query-input\":{\"@type\":\"PropertyValueSpecification\",\"valueRequired\":true,\"valueName\":\"search_term_string\"}}],\"inLanguage\":\"fr-FR\"},{\"@type\":[\"Person\",\"Organization\"],\"@id\":\"https:\\\/\\\/galerie-argentique.com\\\/#\\\/schema\\\/person\\\/8df0e7a68763fc385a469968f19edffc\",\"name\":\"Christian CAPRON\",\"logo\":{\"@id\":\"https:\\\/\\\/galerie-argentique.com\\\/#\\\/schema\\\/person\\\/image\\\/\"},\"sameAs\":[\"https:\\\/\\\/galerie-argentique.com\\\/\",\"https:\\\/\\\/www.facebook.com\\\/christian.capron.Photographie\\\/\",\"https:\\\/\\\/www.instagram.com\\\/christiancapron\\\/?hl=fr\"]}]}<\/script>\n<!-- \/ Yoast SEO plugin. -->","yoast_head_json":{"title":"La Danseuse - Atelier \/ Galerie argentique","robots":{"index":"index","follow":"follow","max-snippet":"max-snippet:-1","max-image-preview":"max-image-preview:large","max-video-preview":"max-video-preview:-1"},"canonical":"https:\/\/galerie-argentique.com\/index.php\/produit\/la-danseuse\/","og_locale":"fr_FR","og_type":"article","og_title":"La Danseuse - Atelier \/ Galerie argentique","og_description":"&nbsp;  La Danseuse  390 \u20ac  Tirage argentique de collection\u00a0 N\u00b0 11\/15  Reste seulement 1 tirage \u00e0 la vente en 40x40 sur commande  &nbsp;  &nbsp;","og_url":"https:\/\/galerie-argentique.com\/index.php\/produit\/la-danseuse\/","og_site_name":"Atelier \/ Galerie argentique","article_publisher":"https:\/\/www.facebook.com\/christian.capron.Photographie\/","article_modified_time":"2025-08-15T12:04:37+00:00","og_image":[{"width":1000,"height":1003,"url":"https:\/\/galerie-argentique.com\/wp-content\/uploads\/2022\/08\/pour-site-4-copie-jpg.webp","type":"image\/jpeg"}],"twitter_card":"summary_large_image","twitter_misc":{"Dur\u00e9e de lecture estim\u00e9e":"1 minute"},"schema":{"@context":"https:\/\/schema.org","@graph":[{"@type":"WebPage","@id":"https:\/\/galerie-argentique.com\/index.php\/produit\/la-danseuse\/","url":"https:\/\/galerie-argentique.com\/index.php\/produit\/la-danseuse\/","name":"La Danseuse - Atelier \/ Galerie argentique","isPartOf":{"@id":"https:\/\/galerie-argentique.com\/#website"},"primaryImageOfPage":{"@id":"https:\/\/galerie-argentique.com\/index.php\/produit\/la-danseuse\/#primaryimage"},"image":{"@id":"https:\/\/galerie-argentique.com\/index.php\/produit\/la-danseuse\/#primaryimage"},"thumbnailUrl":"https:\/\/galerie-argentique.com\/wp-content\/uploads\/2022\/08\/pour-site-4-copie-jpg.webp","datePublished":"2022-08-30T06:56:23+00:00","dateModified":"2025-08-15T12:04:37+00:00","breadcrumb":{"@id":"https:\/\/galerie-argentique.com\/index.php\/produit\/la-danseuse\/#breadcrumb"},"inLanguage":"fr-FR","potentialAction":[{"@type":"ReadAction","target":["https:\/\/galerie-argentique.com\/index.php\/produit\/la-danseuse\/"]}]},{"@type":"ImageObject","inLanguage":"fr-FR","@id":"https:\/\/galerie-argentique.com\/index.php\/produit\/la-danseuse\/#primaryimage","url":"https:\/\/galerie-argentique.com\/wp-content\/uploads\/2022\/08\/pour-site-4-copie-jpg.webp","contentUrl":"https:\/\/galerie-argentique.com\/wp-content\/uploads\/2022\/08\/pour-site-4-copie-jpg.webp","width":1000,"height":1003,"caption":"Tirage de collection C.CAPRON Photographie"},{"@type":"BreadcrumbList","@id":"https:\/\/galerie-argentique.com\/index.php\/produit\/la-danseuse\/#breadcrumb","itemListElement":[{"@type":"ListItem","position":1,"name":"Accueil","item":"https:\/\/galerie-argentique.com\/"},{"@type":"ListItem","position":2,"name":"Boutique","item":"https:\/\/galerie-argentique.com\/index.php\/tirages-de-collections-boutique-editions-limitees\/"},{"@type":"ListItem","position":3,"name":"La Danseuse"}]},{"@type":"WebSite","@id":"https:\/\/galerie-argentique.com\/#website","url":"https:\/\/galerie-argentique.com\/","name":"Atelier \/ Galerie argentique","description":"Christian CAPRON","publisher":{"@id":"https:\/\/galerie-argentique.com\/#\/schema\/person\/8df0e7a68763fc385a469968f19edffc"},"potentialAction":[{"@type":"SearchAction","target":{"@type":"EntryPoint","urlTemplate":"https:\/\/galerie-argentique.com\/?s={search_term_string}"},"query-input":{"@type":"PropertyValueSpecification","valueRequired":true,"valueName":"search_term_string"}}],"inLanguage":"fr-FR"},{"@type":["Person","Organization"],"@id":"https:\/\/galerie-argentique.com\/#\/schema\/person\/8df0e7a68763fc385a469968f19edffc","name":"Christian CAPRON","logo":{"@id":"https:\/\/galerie-argentique.com\/#\/schema\/person\/image\/"},"sameAs":["https:\/\/galerie-argentique.com\/","https:\/\/www.facebook.com\/christian.capron.Photographie\/","https:\/\/www.instagram.com\/christiancapron\/?hl=fr"]}]}},"jetpack_sharing_enabled":true,"_links":{"self":[{"href":"https:\/\/galerie-argentique.com\/index.php\/wp-json\/wp\/v2\/product\/146","targetHints":{"allow":["GET"]}}],"collection":[{"href":"https:\/\/galerie-argentique.com\/index.php\/wp-json\/wp\/v2\/product"}],"about":[{"href":"https:\/\/galerie-argentique.com\/index.php\/wp-json\/wp\/v2\/types\/product"}],"wp:featuredmedia":[{"embeddable":true,"href":"https:\/\/galerie-argentique.com\/index.php\/wp-json\/wp\/v2\/media\/755"}],"wp:attachment":[{"href":"https:\/\/galerie-argentique.com\/index.php\/wp-json\/wp\/v2\/media?parent=146"}],"wp:term":[{"taxonomy":"product_brand","embeddable":true,"href":"https:\/\/galerie-argentique.com\/index.php\/wp-json\/wp\/v2\/product_brand?post=146"},{"taxonomy":"product_cat","embeddable":true,"href":"https:\/\/galerie-argentique.com\/index.php\/wp-json\/wp\/v2\/product_cat?post=146"},{"taxonomy":"product_tag","embeddable":true,"href":"https:\/\/galerie-argentique.com\/index.php\/wp-json\/wp\/v2\/product_tag?post=146"}],"curies":[{"name":"wp","href":"https:\/\/api.w.org\/{rel}","templated":true}]}}