{"id":262,"date":"2022-09-03T13:36:11","date_gmt":"2022-09-03T11:36:11","guid":{"rendered":"https:\/\/galerie-argentique.com\/?post_type=product&#038;p=262"},"modified":"2025-08-15T13:59:29","modified_gmt":"2025-08-15T11:59:29","slug":"dipavali","status":"publish","type":"product","link":"https:\/\/galerie-argentique.com\/index.php\/produit\/dipavali\/","title":{"rendered":"Dipavali"},"content":{"rendered":"<p>Ile de la R\u00e9union 1996<\/p>\n<p>Forma t papier 24 X 30<\/p>\n<p>Ce tirage a \u00e9t\u00e9 tir\u00e9 manuellement par l\u2019auteur, dans son labo, sur un papier Ilford Baryt\u00e9 Warmtone 255 g avec virage au s\u00e9l\u00e9nium.<\/p>\n<p>Certificat d&rsquo;authenticit\u00e9<\/p>\n<p><a href=\"https:\/\/galerie-argentique.com\/index.php\/photographie-d-art-christian-capron-photographie-ile-de-la-reunion-saint-leu\/\"><strong>Possibilit\u00e9 certification ArtTrust\u00a0<\/strong><\/a><\/p>\n<p>TIRAGE ORIGINAL\u00a0 s\u00e9rie de 9 exemplaires, tous formats confondus.<br \/>\nInformations inscrites au dos de la photographie :<br \/>\n&#8211; la signature de l&rsquo;artiste<br \/>\n&#8211; le nom du tireur et la date du tirage<br \/>\n&#8211; lieu de prise de vue<br \/>\n&#8211; la date de l&rsquo;oeuvre<br \/>\nTimbre \u00e0 sec en bas \u00e0 droite<\/p>\n<p>Marge blanche autour de la photo. Signature et n\u00b0 du tirage sur la marge en bas<\/p>\n","protected":false},"excerpt":{"rendered":"<p><strong>Dipavali<\/strong><\/p>\n<p>190 \u20ac<\/p>\n<p>Tirage argentique de collection N\u00b0 2 \/ 9<\/p>\n<p>&nbsp;<\/p>\n","protected":false},"featured_media":771,"template":"","meta":[],"product_brand":[],"product_cat":[46,51],"product_tag":[],"class_list":{"0":"post-262","1":"product","2":"type-product","3":"status-publish","4":"has-post-thumbnail","6":"product_cat-24-x-30","7":"product_cat-ile-de-la-reunion","9":"first","10":"instock","11":"sold-individually","12":"shipping-taxable","13":"product-type-simple"},"yoast_head":"<!-- This site is optimized with the Yoast SEO plugin v27.3 - https:\/\/yoast.com\/product\/yoast-seo-wordpress\/ -->\n<title>Dipavali - Atelier \/ Galerie argentique<\/title>\n<meta name=\"robots\" content=\"index, follow, max-snippet:-1, max-image-preview:large, max-video-preview:-1\" \/>\n<link rel=\"canonical\" href=\"https:\/\/galerie-argentique.com\/index.php\/produit\/dipavali\/\" \/>\n<meta property=\"og:locale\" content=\"fr_FR\" \/>\n<meta property=\"og:type\" content=\"article\" \/>\n<meta property=\"og:title\" content=\"Dipavali - Atelier \/ Galerie argentique\" \/>\n<meta property=\"og:description\" content=\"Dipavali  190 \u20ac  Tirage argentique de collection N\u00b0 2 \/ 9  &nbsp;\" \/>\n<meta property=\"og:url\" content=\"https:\/\/galerie-argentique.com\/index.php\/produit\/dipavali\/\" \/>\n<meta property=\"og:site_name\" content=\"Atelier \/ Galerie argentique\" \/>\n<meta property=\"article:publisher\" content=\"https:\/\/www.facebook.com\/christian.capron.Photographie\/\" \/>\n<meta property=\"article:modified_time\" content=\"2025-08-15T11:59:29+00:00\" \/>\n<meta property=\"og:image\" content=\"https:\/\/galerie-argentique.com\/wp-content\/uploads\/2022\/09\/asteroide-11-jpg.webp\" \/>\n\t<meta property=\"og:image:width\" content=\"1000\" \/>\n\t<meta property=\"og:image:height\" content=\"1405\" \/>\n\t<meta property=\"og:image:type\" content=\"image\/jpeg\" \/>\n<meta name=\"twitter:card\" content=\"summary_large_image\" \/>\n<meta name=\"twitter:label1\" content=\"Dur\u00e9e de lecture estim\u00e9e\" \/>\n\t<meta name=\"twitter:data1\" content=\"1 minute\" \/>\n<script type=\"application\/ld+json\" class=\"yoast-schema-graph\">{\"@context\":\"https:\\\/\\\/schema.org\",\"@graph\":[{\"@type\":\"WebPage\",\"@id\":\"https:\\\/\\\/galerie-argentique.com\\\/index.php\\\/produit\\\/dipavali\\\/\",\"url\":\"https:\\\/\\\/galerie-argentique.com\\\/index.php\\\/produit\\\/dipavali\\\/\",\"name\":\"Dipavali - Atelier \\\/ Galerie argentique\",\"isPartOf\":{\"@id\":\"https:\\\/\\\/galerie-argentique.com\\\/#website\"},\"primaryImageOfPage\":{\"@id\":\"https:\\\/\\\/galerie-argentique.com\\\/index.php\\\/produit\\\/dipavali\\\/#primaryimage\"},\"image\":{\"@id\":\"https:\\\/\\\/galerie-argentique.com\\\/index.php\\\/produit\\\/dipavali\\\/#primaryimage\"},\"thumbnailUrl\":\"https:\\\/\\\/galerie-argentique.com\\\/wp-content\\\/uploads\\\/2022\\\/09\\\/asteroide-11-jpg.webp\",\"datePublished\":\"2022-09-03T11:36:11+00:00\",\"dateModified\":\"2025-08-15T11:59:29+00:00\",\"breadcrumb\":{\"@id\":\"https:\\\/\\\/galerie-argentique.com\\\/index.php\\\/produit\\\/dipavali\\\/#breadcrumb\"},\"inLanguage\":\"fr-FR\",\"potentialAction\":[{\"@type\":\"ReadAction\",\"target\":[\"https:\\\/\\\/galerie-argentique.com\\\/index.php\\\/produit\\\/dipavali\\\/\"]}]},{\"@type\":\"ImageObject\",\"inLanguage\":\"fr-FR\",\"@id\":\"https:\\\/\\\/galerie-argentique.com\\\/index.php\\\/produit\\\/dipavali\\\/#primaryimage\",\"url\":\"https:\\\/\\\/galerie-argentique.com\\\/wp-content\\\/uploads\\\/2022\\\/09\\\/asteroide-11-jpg.webp\",\"contentUrl\":\"https:\\\/\\\/galerie-argentique.com\\\/wp-content\\\/uploads\\\/2022\\\/09\\\/asteroide-11-jpg.webp\",\"width\":1000,\"height\":1405,\"caption\":\"Tirage collection\"},{\"@type\":\"BreadcrumbList\",\"@id\":\"https:\\\/\\\/galerie-argentique.com\\\/index.php\\\/produit\\\/dipavali\\\/#breadcrumb\",\"itemListElement\":[{\"@type\":\"ListItem\",\"position\":1,\"name\":\"Accueil\",\"item\":\"https:\\\/\\\/galerie-argentique.com\\\/\"},{\"@type\":\"ListItem\",\"position\":2,\"name\":\"Boutique\",\"item\":\"https:\\\/\\\/galerie-argentique.com\\\/index.php\\\/tirages-de-collections-boutique-editions-limitees\\\/\"},{\"@type\":\"ListItem\",\"position\":3,\"name\":\"Dipavali\"}]},{\"@type\":\"WebSite\",\"@id\":\"https:\\\/\\\/galerie-argentique.com\\\/#website\",\"url\":\"https:\\\/\\\/galerie-argentique.com\\\/\",\"name\":\"Atelier \\\/ Galerie argentique\",\"description\":\"Christian CAPRON\",\"publisher\":{\"@id\":\"https:\\\/\\\/galerie-argentique.com\\\/#\\\/schema\\\/person\\\/8df0e7a68763fc385a469968f19edffc\"},\"potentialAction\":[{\"@type\":\"SearchAction\",\"target\":{\"@type\":\"EntryPoint\",\"urlTemplate\":\"https:\\\/\\\/galerie-argentique.com\\\/?s={search_term_string}\"},\"query-input\":{\"@type\":\"PropertyValueSpecification\",\"valueRequired\":true,\"valueName\":\"search_term_string\"}}],\"inLanguage\":\"fr-FR\"},{\"@type\":[\"Person\",\"Organization\"],\"@id\":\"https:\\\/\\\/galerie-argentique.com\\\/#\\\/schema\\\/person\\\/8df0e7a68763fc385a469968f19edffc\",\"name\":\"Christian CAPRON\",\"logo\":{\"@id\":\"https:\\\/\\\/galerie-argentique.com\\\/#\\\/schema\\\/person\\\/image\\\/\"},\"sameAs\":[\"https:\\\/\\\/galerie-argentique.com\\\/\",\"https:\\\/\\\/www.facebook.com\\\/christian.capron.Photographie\\\/\",\"https:\\\/\\\/www.instagram.com\\\/christiancapron\\\/?hl=fr\"]}]}<\/script>\n<!-- \/ Yoast SEO plugin. -->","yoast_head_json":{"title":"Dipavali - Atelier \/ Galerie argentique","robots":{"index":"index","follow":"follow","max-snippet":"max-snippet:-1","max-image-preview":"max-image-preview:large","max-video-preview":"max-video-preview:-1"},"canonical":"https:\/\/galerie-argentique.com\/index.php\/produit\/dipavali\/","og_locale":"fr_FR","og_type":"article","og_title":"Dipavali - Atelier \/ Galerie argentique","og_description":"Dipavali  190 \u20ac  Tirage argentique de collection N\u00b0 2 \/ 9  &nbsp;","og_url":"https:\/\/galerie-argentique.com\/index.php\/produit\/dipavali\/","og_site_name":"Atelier \/ Galerie argentique","article_publisher":"https:\/\/www.facebook.com\/christian.capron.Photographie\/","article_modified_time":"2025-08-15T11:59:29+00:00","og_image":[{"width":1000,"height":1405,"url":"https:\/\/galerie-argentique.com\/wp-content\/uploads\/2022\/09\/asteroide-11-jpg.webp","type":"image\/jpeg"}],"twitter_card":"summary_large_image","twitter_misc":{"Dur\u00e9e de lecture estim\u00e9e":"1 minute"},"schema":{"@context":"https:\/\/schema.org","@graph":[{"@type":"WebPage","@id":"https:\/\/galerie-argentique.com\/index.php\/produit\/dipavali\/","url":"https:\/\/galerie-argentique.com\/index.php\/produit\/dipavali\/","name":"Dipavali - Atelier \/ Galerie argentique","isPartOf":{"@id":"https:\/\/galerie-argentique.com\/#website"},"primaryImageOfPage":{"@id":"https:\/\/galerie-argentique.com\/index.php\/produit\/dipavali\/#primaryimage"},"image":{"@id":"https:\/\/galerie-argentique.com\/index.php\/produit\/dipavali\/#primaryimage"},"thumbnailUrl":"https:\/\/galerie-argentique.com\/wp-content\/uploads\/2022\/09\/asteroide-11-jpg.webp","datePublished":"2022-09-03T11:36:11+00:00","dateModified":"2025-08-15T11:59:29+00:00","breadcrumb":{"@id":"https:\/\/galerie-argentique.com\/index.php\/produit\/dipavali\/#breadcrumb"},"inLanguage":"fr-FR","potentialAction":[{"@type":"ReadAction","target":["https:\/\/galerie-argentique.com\/index.php\/produit\/dipavali\/"]}]},{"@type":"ImageObject","inLanguage":"fr-FR","@id":"https:\/\/galerie-argentique.com\/index.php\/produit\/dipavali\/#primaryimage","url":"https:\/\/galerie-argentique.com\/wp-content\/uploads\/2022\/09\/asteroide-11-jpg.webp","contentUrl":"https:\/\/galerie-argentique.com\/wp-content\/uploads\/2022\/09\/asteroide-11-jpg.webp","width":1000,"height":1405,"caption":"Tirage collection"},{"@type":"BreadcrumbList","@id":"https:\/\/galerie-argentique.com\/index.php\/produit\/dipavali\/#breadcrumb","itemListElement":[{"@type":"ListItem","position":1,"name":"Accueil","item":"https:\/\/galerie-argentique.com\/"},{"@type":"ListItem","position":2,"name":"Boutique","item":"https:\/\/galerie-argentique.com\/index.php\/tirages-de-collections-boutique-editions-limitees\/"},{"@type":"ListItem","position":3,"name":"Dipavali"}]},{"@type":"WebSite","@id":"https:\/\/galerie-argentique.com\/#website","url":"https:\/\/galerie-argentique.com\/","name":"Atelier \/ Galerie argentique","description":"Christian CAPRON","publisher":{"@id":"https:\/\/galerie-argentique.com\/#\/schema\/person\/8df0e7a68763fc385a469968f19edffc"},"potentialAction":[{"@type":"SearchAction","target":{"@type":"EntryPoint","urlTemplate":"https:\/\/galerie-argentique.com\/?s={search_term_string}"},"query-input":{"@type":"PropertyValueSpecification","valueRequired":true,"valueName":"search_term_string"}}],"inLanguage":"fr-FR"},{"@type":["Person","Organization"],"@id":"https:\/\/galerie-argentique.com\/#\/schema\/person\/8df0e7a68763fc385a469968f19edffc","name":"Christian CAPRON","logo":{"@id":"https:\/\/galerie-argentique.com\/#\/schema\/person\/image\/"},"sameAs":["https:\/\/galerie-argentique.com\/","https:\/\/www.facebook.com\/christian.capron.Photographie\/","https:\/\/www.instagram.com\/christiancapron\/?hl=fr"]}]}},"jetpack_sharing_enabled":true,"_links":{"self":[{"href":"https:\/\/galerie-argentique.com\/index.php\/wp-json\/wp\/v2\/product\/262","targetHints":{"allow":["GET"]}}],"collection":[{"href":"https:\/\/galerie-argentique.com\/index.php\/wp-json\/wp\/v2\/product"}],"about":[{"href":"https:\/\/galerie-argentique.com\/index.php\/wp-json\/wp\/v2\/types\/product"}],"wp:featuredmedia":[{"embeddable":true,"href":"https:\/\/galerie-argentique.com\/index.php\/wp-json\/wp\/v2\/media\/771"}],"wp:attachment":[{"href":"https:\/\/galerie-argentique.com\/index.php\/wp-json\/wp\/v2\/media?parent=262"}],"wp:term":[{"taxonomy":"product_brand","embeddable":true,"href":"https:\/\/galerie-argentique.com\/index.php\/wp-json\/wp\/v2\/product_brand?post=262"},{"taxonomy":"product_cat","embeddable":true,"href":"https:\/\/galerie-argentique.com\/index.php\/wp-json\/wp\/v2\/product_cat?post=262"},{"taxonomy":"product_tag","embeddable":true,"href":"https:\/\/galerie-argentique.com\/index.php\/wp-json\/wp\/v2\/product_tag?post=262"}],"curies":[{"name":"wp","href":"https:\/\/api.w.org\/{rel}","templated":true}]}}